{"id":3,"date":"2019-05-22T10:54:41","date_gmt":"2019-05-22T08:54:41","guid":{"rendered":"http:\/\/www.cedifconseil.com\/preprod\/yser\/?page_id=3"},"modified":"2024-10-30T15:45:44","modified_gmt":"2024-10-30T14:45:44","slug":"politique-de-confidentialite","status":"publish","type":"page","link":"https:\/\/www.villayser.fr\/?page_id=3","title":{"rendered":"Politique de confidentialit\u00e9"},"content":{"rendered":"\t\t<div data-elementor-type=\"wp-page\" data-elementor-id=\"3\" class=\"elementor elementor-3\">\n\t\t\t\t\t\t<section class=\"elementor-section elementor-top-section elementor-element elementor-element-69be720e elementor-section-boxed elementor-section-height-default elementor-section-height-default\" data-id=\"69be720e\" data-element_type=\"section\" data-e-type=\"section\">\n\t\t\t\t\t\t<div class=\"elementor-container elementor-column-gap-default\">\n\t\t\t\t\t<div class=\"elementor-column elementor-col-100 elementor-top-column elementor-element elementor-element-4ebbd9b2\" data-id=\"4ebbd9b2\" data-element_type=\"column\" data-e-type=\"column\">\n\t\t\t<div class=\"elementor-widget-wrap elementor-element-populated\">\n\t\t\t\t\t\t<div class=\"elementor-element elementor-element-250316ee elementor-widget elementor-widget-text-editor\" data-id=\"250316ee\" data-element_type=\"widget\" data-e-type=\"widget\" data-widget_type=\"text-editor.default\">\n\t\t\t\t<div class=\"elementor-widget-container\">\n\t\t\t\t\t\t\t\t\t<p><\/p>\n<h2 class=\"wp-block-heading\" style=\"box-sizing: border-box; margin: 0px 0px 20px; padding: 0px; border: 0px; outline: 0px; font-variant: inherit; font-stretch: inherit; line-height: 1.4; font-optical-sizing: inherit; font-size-adjust: inherit; font-kerning: inherit; font-feature-settings: inherit; font-variation-settings: inherit; vertical-align: baseline; font-family: Average; font-size: 20px; font-style: inherit; font-weight: 600; color: #333333;\">MENTIONS L\u00c9GALES<\/h2>\n<div style=\"font-variant-ligatures: normal; font-variant-caps: normal; font-family: Roboto; font-size: 14px; font-style: normal; font-weight: 400; color: #10222f;\" data-id=\"95e2478\" data-element_type=\"heading.default\">\n<div style=\"font-size: 14px;\">\u00a0<\/div>\n<\/div>\n<div style=\"font-variant-ligatures: normal; font-variant-caps: normal; font-family: Roboto; font-size: 14px; font-style: normal; font-weight: 400; color: #10222f;\" data-id=\"b3eb0a1\" data-element_type=\"text-editor.default\">\n<div style=\"font-size: 14px;\">\n<div style=\"font-size: 14px;\">\n<div style=\"font-size: 14px;\">SARL CEDIF CONSEIL<\/div>\n<div style=\"font-size: 14px;\">18 rue Esprit des Lois<\/div>\n<div style=\"font-size: 14px;\">33000 Bordeaux<\/div>\n<div style=\"font-size: 14px;\">RCS BORDEAUX 403 621 923<\/div>\n<div style=\"font-size: 14px;\">TVA INTRACOMMUNAUTAIRE : FR 37 403 621 923<\/div>\n<div style=\"font-size: 14px;\">\n<p style=\"font-size: 14px;\">CAPITAL SOCIAL : 153 000 \u20ac\u00a0<\/p>\n<\/div>\n<\/div>\n<\/div>\n<\/div>\n<h2 style=\"font-family: Average;\">POLITIQUE DE CONFIDENTIALIT\u00c9<\/h2>\n<div style=\"font-variant-ligatures: normal; font-variant-caps: normal; font-family: Roboto; font-size: 14px; font-style: normal; font-weight: 400; color: #10222f;\" data-id=\"b3eb0a1\" data-element_type=\"text-editor.default\">\n<div style=\"font-size: 14px;\">\n<div style=\"font-size: 14px;\">\n<div style=\"font-size: 14px;\">\u00a0<\/div>\n<\/div>\n<\/div>\n<\/div>\n<div style=\"font-variant-ligatures: normal; font-variant-caps: normal; font-family: Roboto; font-size: 14px; font-style: normal; font-weight: 400; color: #10222f;\" data-id=\"11d66c4\" data-element_type=\"text-editor.default\">\n<p style=\"font-size: 14px;\">Collecte des renseignements personnels.<\/p>\n<p style=\"font-size: 14px;\">Nous collectons les renseignements suivants :<\/p>\n<ul style=\"font-size: 14px;\">\n<li style=\"font-size: 14px;\">Nom<\/li>\n<li style=\"font-size: 14px;\">Pr\u00e9nom<\/li>\n<li style=\"font-size: 14px;\">Adresse \u00e9lectronique<\/li>\n<li style=\"font-size: 14px;\">Num\u00e9ro de t\u00e9l\u00e9phone<\/li>\n<\/ul>\n<p style=\"font-size: 14px;\">Les renseignements personnels que nous collectons sont recueillis au travers de formulaires de contact avec votre consentement.<\/p>\n<\/div>\n<h2 style=\"font-family: Average;\">FORMULAIRES ET INTERACTIVIT\u00c9<\/h2>\n<div style=\"font-variant-ligatures: normal; font-variant-caps: normal; font-family: Roboto; font-size: 14px; font-style: normal; font-weight: 400; color: #10222f;\" data-id=\"11d66c4\" data-element_type=\"text-editor.default\">\n<p style=\"font-size: 14px;\">Vos renseignements personnels sont collect\u00e9s par le biais de formulaires, \u00e0 savoir :<\/p>\n<ul style=\"font-size: 14px;\">\n<li style=\"font-size: 14px;\">Demande de renseignements<\/li>\n<\/ul>\n<p style=\"font-size: 14px;\">Nous utilisons les renseignements ainsi collect\u00e9s pour les finalit\u00e9s suivantes :<\/p>\n<ul style=\"font-size: 14px;\">\n<li style=\"font-size: 14px;\">Informations \/ Offres promotionnelles<\/li>\n<li style=\"font-size: 14px;\">Contact<\/li>\n<\/ul>\n<\/div>\n<h2 style=\"font-family: Average;\">DROIT D\u2019OPPOSITION ET DE RETRAIT<\/h2>\n<div style=\"font-variant-ligatures: normal; font-variant-caps: normal; font-family: Roboto; font-size: 14px; font-style: normal; font-weight: 400; color: #10222f;\" data-id=\"11d66c4\" data-element_type=\"text-editor.default\">\n<p style=\"font-size: 14px;\">Nous nous engageons \u00e0 vous offrir un droit d\u2019opposition et de retrait quant \u00e0 vos renseignements personnels. Le droit d\u2019opposition s\u2019entend comme \u00e9tant la possibilit\u00e9 offerte aux internautes de refuser que leurs renseignements personnels soient utilis\u00e9s \u00e0 certaines fins mentionn\u00e9es lors de la collecte.<\/p>\n<p style=\"font-size: 14px;\">Le droit de retrait s\u2019entend comme \u00e9tant la possibilit\u00e9 offerte aux internautes de demander \u00e0 ce que leurs renseignements personnels ne figurent plus, par exemple, dans une liste de diffusion.<\/p>\n<p style=\"font-size: 14px;\">Pour pouvoir exercer ces droits :<br \/>Adresse : 23 cours Edouard Vaillant, Bordeaux 33300<br \/>Courriel :\u00a0<a style=\"font-size: 14px; color: #333333; transition-property: all;\" href=\"mailto:contact@cedif.com\">contact@cedif.com<\/a><br \/>T\u00e9l\u00e9phone : 0556115252<\/p>\n<\/div>\n<h2 style=\"font-family: Average;\">DROIT D\u2019ACC\u00c8S<\/h2>\n<div style=\"font-variant-ligatures: normal; font-variant-caps: normal; font-family: Roboto; font-size: 14px; font-style: normal; font-weight: 400; color: #10222f;\" data-id=\"11d66c4\" data-element_type=\"text-editor.default\">\n<p style=\"font-size: 14px;\">Nous nous engageons \u00e0 reconna\u00eetre un droit d\u2019acc\u00e8s et de rectification aux personnes concern\u00e9es d\u00e9sireuses de consulter, modifier, voire radier les informations les concernant.<\/p>\n<p style=\"font-size: 14px;\">L\u2019exercice de ce droit se fera :<br \/>Adresse\u00a0: 23 cours Edouard Vaillant, Bordeaux 33300<br \/>Courriel :\u00a0<a style=\"font-size: 14px; color: #333333; transition-property: all;\" href=\"mailto:contact@cedif.com\">contact@cedif.com<\/a><br \/>T\u00e9l\u00e9phone : 0556115252<\/p>\n<\/div>\n<h2 style=\"font-family: Average;\">S\u00c9CURIT\u00c9<\/h2>\n<div style=\"font-variant-ligatures: normal; font-variant-caps: normal; font-family: Roboto; font-size: 14px; font-style: normal; font-weight: 400; color: #10222f;\" data-id=\"11d66c4\" data-element_type=\"text-editor.default\">\n<p style=\"font-size: 14px;\">Les renseignements personnels que nous collectons sont conserv\u00e9s dans un environnement s\u00e9curis\u00e9. Les personnes travaillant pour nous sont tenues de respecter la confidentialit\u00e9 de vos informations.<\/p>\n<p style=\"font-size: 14px;\">Pour assurer la s\u00e9curit\u00e9 de vos renseignements personnels, nous avons recours aux mesures suivantes :<\/p>\n<ul style=\"font-size: 14px;\">\n<li style=\"font-size: 14px;\">Protocole SSL (Secure Sockets Layer) permettant de crypter vos donn\u00e9es lors de l\u2019envoi d\u2019un formulaire<\/li>\n<li style=\"font-size: 14px;\">Sauvegarde informatique<\/li>\n<li style=\"font-size: 14px;\">Pare-feu (Firewalls)<\/li>\n<li style=\"font-size: 14px;\">reCAPTCHA<\/li>\n<\/ul>\n<p style=\"font-size: 14px;\">Nous nous engageons \u00e0 maintenir un haut degr\u00e9 de confidentialit\u00e9 en int\u00e9grant les derni\u00e8res innovations technologiques permettant d\u2019assurer la confidentialit\u00e9 de vos transactions. Toutefois, comme aucun m\u00e9canisme n\u2019offre une s\u00e9curit\u00e9 maximale, une part de risque est toujours pr\u00e9sente lorsque l\u2019on utilise Internet pour transmettre des renseignements personnels.<\/p>\n<\/div>\n<h2 style=\"font-family: Average;\">COOKIES<\/h2>\n<div style=\"font-variant-ligatures: normal; font-variant-caps: normal; font-family: Roboto; font-size: 14px; font-style: normal; font-weight: 400; color: #10222f;\" data-id=\"11d66c4\" data-element_type=\"text-editor.default\">\n<p style=\"font-size: 14px;\">Nous utilisons des cookies de type Google Analytics afin d\u2019obtenir des statistiques de visites anonymes et pouvoir am\u00e9liorer l\u2019exp\u00e9rience sur nos sites.<\/p>\n<p style=\"font-size: 14px;\">Google\u00a0Analytics est un outil Google d\u2019analyse d\u2019audience Internet permettant aux propri\u00e9taires de sites Web et d\u2019applications de mieux comprendre le comportement de leurs utilisateurs. Cet outil peut utiliser des cookies pour collecter des informations et g\u00e9n\u00e9rer des rapports sur les statistiques d\u2019utilisation d\u2019un site Web\u00a0sans que les utilisateurs individuels soient identifi\u00e9s personnellement\u00a0par Google. Le cookie \u00ab\u00a0__ga\u00a0\u00bb est celui qui est le plus utilis\u00e9 par Google\u00a0Analytics.<\/p>\n<p style=\"font-size: 14px;\">Vous pouvez \u00e0 tout moment identifier ou r\u00e9voquer les cookies dans les param\u00e8tres de votre navigateur internet.<\/p>\n<\/div>\n<h2 style=\"font-family: Average;\">D\u00c9SABONNEMENT AUX COURRIELS D\u2019INFORMATION<\/h2>\n<div style=\"font-variant-ligatures: normal; font-variant-caps: normal; font-family: Roboto; font-size: 14px; font-style: normal; font-weight: 400; color: #10222f;\" data-id=\"11d66c4\" data-element_type=\"text-editor.default\">\n<p style=\"font-size: 14px;\">Vous pouvez \u00e0 tout moment vous d\u00e9sabonner en cliquant sur le lien \u00ab\u00a0se d\u00e9sabonner\u00a0\u00bb en bas de page des courriels.<\/p>\n<\/div>\n<p><\/p>\t\t\t\t\t\t\t\t<\/div>\n\t\t\t\t<\/div>\n\t\t\t\t\t<\/div>\n\t\t<\/div>\n\t\t\t\t\t<\/div>\n\t\t<\/section>\n\t\t\t\t<\/div>\n\t\t","protected":false},"excerpt":{"rendered":"<p>MENTIONS L\u00c9GALES \u00a0 SARL CEDIF CONSEIL 18 rue Esprit des Lois 33000 Bordeaux RCS BORDEAUX 403 621 923 TVA INTRACOMMUNAUTAIRE : FR 37 403 621 923 CAPITAL SOCIAL : 153 000 \u20ac\u00a0 POLITIQUE DE CONFIDENTIALIT\u00c9 \u00a0 Collecte des renseignements personnels. Nous collectons les renseignements suivants : Nom Pr\u00e9nom Adresse \u00e9lectronique Num\u00e9ro de t\u00e9l\u00e9phone Les renseignements [&hellip;]<\/p>\n","protected":false},"author":1,"featured_media":0,"parent":0,"menu_order":0,"comment_status":"closed","ping_status":"open","template":"","meta":{"inline_featured_image":false,"footnotes":""},"class_list":["post-3","page","type-page","status-publish","hentry","entry"],"_links":{"self":[{"href":"https:\/\/www.villayser.fr\/index.php?rest_route=\/wp\/v2\/pages\/3","targetHints":{"allow":["GET"]}}],"collection":[{"href":"https:\/\/www.villayser.fr\/index.php?rest_route=\/wp\/v2\/pages"}],"about":[{"href":"https:\/\/www.villayser.fr\/index.php?rest_route=\/wp\/v2\/types\/page"}],"author":[{"embeddable":true,"href":"https:\/\/www.villayser.fr\/index.php?rest_route=\/wp\/v2\/users\/1"}],"replies":[{"embeddable":true,"href":"https:\/\/www.villayser.fr\/index.php?rest_route=%2Fwp%2Fv2%2Fcomments&post=3"}],"version-history":[{"count":3,"href":"https:\/\/www.villayser.fr\/index.php?rest_route=\/wp\/v2\/pages\/3\/revisions"}],"predecessor-version":[{"id":530,"href":"https:\/\/www.villayser.fr\/index.php?rest_route=\/wp\/v2\/pages\/3\/revisions\/530"}],"wp:attachment":[{"href":"https:\/\/www.villayser.fr\/index.php?rest_route=%2Fwp%2Fv2%2Fmedia&parent=3"}],"curies":[{"name":"wp","href":"https:\/\/api.w.org\/{rel}","templated":true}]}}